{"id":4457,"date":"2024-03-07T13:22:52","date_gmt":"2024-03-07T13:22:52","guid":{"rendered":"https:\/\/iktrax.com\/non-intrusive-pig-signallers\/"},"modified":"2025-04-04T12:39:57","modified_gmt":"2025-04-04T12:39:57","slug":"non-intrusive-pig-signallers","status":"publish","type":"page","link":"https:\/\/iktrax.com\/es\/non-intrusive-pig-signallers\/","title":{"rendered":"Se\u00f1alizadores de pigs no intrusivos"},"content":{"rendered":"","protected":false},"excerpt":{"rendered":"","protected":false},"author":3,"featured_media":0,"parent":0,"menu_order":0,"comment_status":"closed","ping_status":"closed","template":"","meta":{"_acf_changed":false,"footnotes":""},"class_list":["post-4457","page","type-page","status-publish","hentry"],"acf":[],"yoast_head":"<!-- This site is optimized with the Yoast SEO Premium plugin v22.4 (Yoast SEO v24.5) - https:\/\/yoast.com\/wordpress\/plugins\/seo\/ -->\n<title>Se\u00f1alizador de pigs | Aseguramiento del paso de pigs<\/title>\n<meta name=\"description\" content=\"Descubra las ventajas de nuestra gama de se\u00f1alizadores de pigs no intrusivos. Mejore la integridad de las tuber\u00edas con estos dispositivos de monitoreo avanzados.\" \/>\n<meta name=\"robots\" content=\"index, follow, max-snippet:-1, max-image-preview:large, max-video-preview:-1\" \/>\n<link rel=\"canonical\" href=\"https:\/\/iktrax.com\/es\/non-intrusive-pig-signallers\/\" \/>\n<meta property=\"og:locale\" content=\"es_ES\" \/>\n<meta property=\"og:type\" content=\"article\" \/>\n<meta property=\"og:title\" content=\"Se\u00f1alizadores de pigs no intrusivos\" \/>\n<meta property=\"og:description\" content=\"Descubra las ventajas de nuestra gama de se\u00f1alizadores de pigs no intrusivos. Mejore la integridad de las tuber\u00edas con estos dispositivos de monitoreo avanzados.\" \/>\n<meta property=\"og:url\" content=\"https:\/\/iktrax.com\/es\/non-intrusive-pig-signallers\/\" \/>\n<meta property=\"og:site_name\" content=\"IK-Trax\" \/>\n<meta property=\"article:modified_time\" content=\"2025-04-04T12:39:57+00:00\" \/>\n<meta name=\"twitter:card\" content=\"summary_large_image\" \/>\n<script type=\"application\/ld+json\" class=\"yoast-schema-graph\">{\"@context\":\"https:\/\/schema.org\",\"@graph\":[{\"@type\":\"WebPage\",\"@id\":\"https:\/\/iktrax.com\/es\/non-intrusive-pig-signallers\/\",\"url\":\"https:\/\/iktrax.com\/es\/non-intrusive-pig-signallers\/\",\"name\":\"Se\u00f1alizador de pigs | Aseguramiento del paso de pigs\",\"isPartOf\":{\"@id\":\"https:\/\/iktrax.com\/es\/#website\"},\"datePublished\":\"2024-03-07T13:22:52+00:00\",\"dateModified\":\"2025-04-04T12:39:57+00:00\",\"description\":\"Descubra las ventajas de nuestra gama de se\u00f1alizadores de pigs no intrusivos. Mejore la integridad de las tuber\u00edas con estos dispositivos de monitoreo avanzados.\",\"breadcrumb\":{\"@id\":\"https:\/\/iktrax.com\/es\/non-intrusive-pig-signallers\/#breadcrumb\"},\"inLanguage\":\"es-ES\",\"potentialAction\":[{\"@type\":\"ReadAction\",\"target\":[\"https:\/\/iktrax.com\/es\/non-intrusive-pig-signallers\/\"]}]},{\"@type\":\"BreadcrumbList\",\"@id\":\"https:\/\/iktrax.com\/es\/non-intrusive-pig-signallers\/#breadcrumb\",\"itemListElement\":[{\"@type\":\"ListItem\",\"position\":1,\"name\":\"Home\",\"item\":\"https:\/\/iktrax.com\/es\/\"},{\"@type\":\"ListItem\",\"position\":2,\"name\":\"Se\u00f1alizadores de pigs no intrusivos\"}]},{\"@type\":\"WebSite\",\"@id\":\"https:\/\/iktrax.com\/es\/#website\",\"url\":\"https:\/\/iktrax.com\/es\/\",\"name\":\"IK-Trax\",\"description\":\"Intelligent Pipeline Technology\",\"publisher\":{\"@id\":\"https:\/\/iktrax.com\/es\/#organization\"},\"potentialAction\":[{\"@type\":\"SearchAction\",\"target\":{\"@type\":\"EntryPoint\",\"urlTemplate\":\"https:\/\/iktrax.com\/es\/?s={search_term_string}\"},\"query-input\":{\"@type\":\"PropertyValueSpecification\",\"valueRequired\":true,\"valueName\":\"search_term_string\"}}],\"inLanguage\":\"es-ES\"},{\"@type\":\"Organization\",\"@id\":\"https:\/\/iktrax.com\/es\/#organization\",\"name\":\"IK-Trax\",\"url\":\"https:\/\/iktrax.com\/es\/\",\"logo\":{\"@type\":\"ImageObject\",\"inLanguage\":\"es-ES\",\"@id\":\"https:\/\/iktrax.com\/es\/#\/schema\/logo\/image\/\",\"url\":\"https:\/\/iktrax.com\/wp-content\/uploads\/2024\/03\/IK-TRAX-Logo-40px.svg\",\"contentUrl\":\"https:\/\/iktrax.com\/wp-content\/uploads\/2024\/03\/IK-TRAX-Logo-40px.svg\",\"width\":105,\"height\":60,\"caption\":\"IK-Trax\"},\"image\":{\"@id\":\"https:\/\/iktrax.com\/es\/#\/schema\/logo\/image\/\"}}]}<\/script>\n<!-- \/ Yoast SEO Premium plugin. -->","yoast_head_json":{"title":"Se\u00f1alizador de pigs | Aseguramiento del paso de pigs","description":"Descubra las ventajas de nuestra gama de se\u00f1alizadores de pigs no intrusivos. Mejore la integridad de las tuber\u00edas con estos dispositivos de monitoreo avanzados.","robots":{"index":"index","follow":"follow","max-snippet":"max-snippet:-1","max-image-preview":"max-image-preview:large","max-video-preview":"max-video-preview:-1"},"canonical":"https:\/\/iktrax.com\/es\/non-intrusive-pig-signallers\/","og_locale":"es_ES","og_type":"article","og_title":"Se\u00f1alizadores de pigs no intrusivos","og_description":"Descubra las ventajas de nuestra gama de se\u00f1alizadores de pigs no intrusivos. Mejore la integridad de las tuber\u00edas con estos dispositivos de monitoreo avanzados.","og_url":"https:\/\/iktrax.com\/es\/non-intrusive-pig-signallers\/","og_site_name":"IK-Trax","article_modified_time":"2025-04-04T12:39:57+00:00","twitter_card":"summary_large_image","schema":{"@context":"https:\/\/schema.org","@graph":[{"@type":"WebPage","@id":"https:\/\/iktrax.com\/es\/non-intrusive-pig-signallers\/","url":"https:\/\/iktrax.com\/es\/non-intrusive-pig-signallers\/","name":"Se\u00f1alizador de pigs | Aseguramiento del paso de pigs","isPartOf":{"@id":"https:\/\/iktrax.com\/es\/#website"},"datePublished":"2024-03-07T13:22:52+00:00","dateModified":"2025-04-04T12:39:57+00:00","description":"Descubra las ventajas de nuestra gama de se\u00f1alizadores de pigs no intrusivos. Mejore la integridad de las tuber\u00edas con estos dispositivos de monitoreo avanzados.","breadcrumb":{"@id":"https:\/\/iktrax.com\/es\/non-intrusive-pig-signallers\/#breadcrumb"},"inLanguage":"es-ES","potentialAction":[{"@type":"ReadAction","target":["https:\/\/iktrax.com\/es\/non-intrusive-pig-signallers\/"]}]},{"@type":"BreadcrumbList","@id":"https:\/\/iktrax.com\/es\/non-intrusive-pig-signallers\/#breadcrumb","itemListElement":[{"@type":"ListItem","position":1,"name":"Home","item":"https:\/\/iktrax.com\/es\/"},{"@type":"ListItem","position":2,"name":"Se\u00f1alizadores de pigs no intrusivos"}]},{"@type":"WebSite","@id":"https:\/\/iktrax.com\/es\/#website","url":"https:\/\/iktrax.com\/es\/","name":"IK-Trax","description":"Intelligent Pipeline Technology","publisher":{"@id":"https:\/\/iktrax.com\/es\/#organization"},"potentialAction":[{"@type":"SearchAction","target":{"@type":"EntryPoint","urlTemplate":"https:\/\/iktrax.com\/es\/?s={search_term_string}"},"query-input":{"@type":"PropertyValueSpecification","valueRequired":true,"valueName":"search_term_string"}}],"inLanguage":"es-ES"},{"@type":"Organization","@id":"https:\/\/iktrax.com\/es\/#organization","name":"IK-Trax","url":"https:\/\/iktrax.com\/es\/","logo":{"@type":"ImageObject","inLanguage":"es-ES","@id":"https:\/\/iktrax.com\/es\/#\/schema\/logo\/image\/","url":"https:\/\/iktrax.com\/wp-content\/uploads\/2024\/03\/IK-TRAX-Logo-40px.svg","contentUrl":"https:\/\/iktrax.com\/wp-content\/uploads\/2024\/03\/IK-TRAX-Logo-40px.svg","width":105,"height":60,"caption":"IK-Trax"},"image":{"@id":"https:\/\/iktrax.com\/es\/#\/schema\/logo\/image\/"}}]}},"_links":{"self":[{"href":"https:\/\/iktrax.com\/es\/wp-json\/wp\/v2\/pages\/4457","targetHints":{"allow":["GET"]}}],"collection":[{"href":"https:\/\/iktrax.com\/es\/wp-json\/wp\/v2\/pages"}],"about":[{"href":"https:\/\/iktrax.com\/es\/wp-json\/wp\/v2\/types\/page"}],"author":[{"embeddable":true,"href":"https:\/\/iktrax.com\/es\/wp-json\/wp\/v2\/users\/3"}],"replies":[{"embeddable":true,"href":"https:\/\/iktrax.com\/es\/wp-json\/wp\/v2\/comments?post=4457"}],"version-history":[{"count":6,"href":"https:\/\/iktrax.com\/es\/wp-json\/wp\/v2\/pages\/4457\/revisions"}],"predecessor-version":[{"id":4505,"href":"https:\/\/iktrax.com\/es\/wp-json\/wp\/v2\/pages\/4457\/revisions\/4505"}],"wp:attachment":[{"href":"https:\/\/iktrax.com\/es\/wp-json\/wp\/v2\/media?parent=4457"}],"curies":[{"name":"wp","href":"https:\/\/api.w.org\/{rel}","templated":true}]}}