{"id":4461,"date":"2024-03-07T13:32:47","date_gmt":"2024-03-07T13:32:47","guid":{"rendered":"https:\/\/iktrax.com\/pre-commissioning-assurance\/"},"modified":"2025-05-15T12:24:31","modified_gmt":"2025-05-15T12:24:31","slug":"pre-commissioning-assurance","status":"publish","type":"page","link":"https:\/\/iktrax.com\/es\/pre-commissioning-assurance\/","title":{"rendered":"Garant\u00eda de la puesta en servicio"},"content":{"rendered":"","protected":false},"excerpt":{"rendered":"","protected":false},"author":3,"featured_media":0,"parent":0,"menu_order":0,"comment_status":"closed","ping_status":"closed","template":"","meta":{"_acf_changed":false,"footnotes":""},"class_list":["post-4461","page","type-page","status-publish","hentry"],"acf":[],"yoast_head":"<!-- This site is optimized with the Yoast SEO Premium plugin v22.4 (Yoast SEO v24.5) - https:\/\/yoast.com\/wordpress\/plugins\/seo\/ -->\n<title>Pre-puesta en marcha de tuber\u00edas | Sistemas de registro y prueba de datos<\/title>\n<meta name=\"description\" content=\"Los equipos de registro y pruebas de datos de \u00faltima generaci\u00f3n de IK Trax elevan la garant\u00eda de pre-puesta en marcha de las tuber\u00edas. Resultado = ahorro sustancial de costes.\" \/>\n<meta name=\"robots\" content=\"index, follow, max-snippet:-1, max-image-preview:large, max-video-preview:-1\" \/>\n<link rel=\"canonical\" href=\"https:\/\/iktrax.com\/es\/pre-commissioning-assurance\/\" \/>\n<meta property=\"og:locale\" content=\"es_ES\" \/>\n<meta property=\"og:type\" content=\"article\" \/>\n<meta property=\"og:title\" content=\"Garant\u00eda de la puesta en servicio\" \/>\n<meta property=\"og:description\" content=\"Los equipos de registro y pruebas de datos de \u00faltima generaci\u00f3n de IK Trax elevan la garant\u00eda de pre-puesta en marcha de las tuber\u00edas. Resultado = ahorro sustancial de costes.\" \/>\n<meta property=\"og:url\" content=\"https:\/\/iktrax.com\/es\/pre-commissioning-assurance\/\" \/>\n<meta property=\"og:site_name\" content=\"IK-Trax\" \/>\n<meta property=\"article:modified_time\" content=\"2025-05-15T12:24:31+00:00\" \/>\n<meta name=\"twitter:card\" content=\"summary_large_image\" \/>\n<script type=\"application\/ld+json\" class=\"yoast-schema-graph\">{\"@context\":\"https:\/\/schema.org\",\"@graph\":[{\"@type\":\"WebPage\",\"@id\":\"https:\/\/iktrax.com\/es\/pre-commissioning-assurance\/\",\"url\":\"https:\/\/iktrax.com\/es\/pre-commissioning-assurance\/\",\"name\":\"Pre-puesta en marcha de tuber\u00edas | Sistemas de registro y prueba de datos\",\"isPartOf\":{\"@id\":\"https:\/\/iktrax.com\/es\/#website\"},\"datePublished\":\"2024-03-07T13:32:47+00:00\",\"dateModified\":\"2025-05-15T12:24:31+00:00\",\"description\":\"Los equipos de registro y pruebas de datos de \u00faltima generaci\u00f3n de IK Trax elevan la garant\u00eda de pre-puesta en marcha de las tuber\u00edas. Resultado = ahorro sustancial de costes.\",\"breadcrumb\":{\"@id\":\"https:\/\/iktrax.com\/es\/pre-commissioning-assurance\/#breadcrumb\"},\"inLanguage\":\"es-ES\",\"potentialAction\":[{\"@type\":\"ReadAction\",\"target\":[\"https:\/\/iktrax.com\/es\/pre-commissioning-assurance\/\"]}]},{\"@type\":\"BreadcrumbList\",\"@id\":\"https:\/\/iktrax.com\/es\/pre-commissioning-assurance\/#breadcrumb\",\"itemListElement\":[{\"@type\":\"ListItem\",\"position\":1,\"name\":\"Home\",\"item\":\"https:\/\/iktrax.com\/es\/\"},{\"@type\":\"ListItem\",\"position\":2,\"name\":\"Garant\u00eda de la puesta en servicio\"}]},{\"@type\":\"WebSite\",\"@id\":\"https:\/\/iktrax.com\/es\/#website\",\"url\":\"https:\/\/iktrax.com\/es\/\",\"name\":\"IK-Trax\",\"description\":\"Intelligent Pipeline Technology\",\"publisher\":{\"@id\":\"https:\/\/iktrax.com\/es\/#organization\"},\"potentialAction\":[{\"@type\":\"SearchAction\",\"target\":{\"@type\":\"EntryPoint\",\"urlTemplate\":\"https:\/\/iktrax.com\/es\/?s={search_term_string}\"},\"query-input\":{\"@type\":\"PropertyValueSpecification\",\"valueRequired\":true,\"valueName\":\"search_term_string\"}}],\"inLanguage\":\"es-ES\"},{\"@type\":\"Organization\",\"@id\":\"https:\/\/iktrax.com\/es\/#organization\",\"name\":\"IK-Trax\",\"url\":\"https:\/\/iktrax.com\/es\/\",\"logo\":{\"@type\":\"ImageObject\",\"inLanguage\":\"es-ES\",\"@id\":\"https:\/\/iktrax.com\/es\/#\/schema\/logo\/image\/\",\"url\":\"https:\/\/iktrax.com\/wp-content\/uploads\/2024\/03\/IK-TRAX-Logo-40px.svg\",\"contentUrl\":\"https:\/\/iktrax.com\/wp-content\/uploads\/2024\/03\/IK-TRAX-Logo-40px.svg\",\"width\":105,\"height\":60,\"caption\":\"IK-Trax\"},\"image\":{\"@id\":\"https:\/\/iktrax.com\/es\/#\/schema\/logo\/image\/\"}}]}<\/script>\n<!-- \/ Yoast SEO Premium plugin. -->","yoast_head_json":{"title":"Pre-puesta en marcha de tuber\u00edas | Sistemas de registro y prueba de datos","description":"Los equipos de registro y pruebas de datos de \u00faltima generaci\u00f3n de IK Trax elevan la garant\u00eda de pre-puesta en marcha de las tuber\u00edas. Resultado = ahorro sustancial de costes.","robots":{"index":"index","follow":"follow","max-snippet":"max-snippet:-1","max-image-preview":"max-image-preview:large","max-video-preview":"max-video-preview:-1"},"canonical":"https:\/\/iktrax.com\/es\/pre-commissioning-assurance\/","og_locale":"es_ES","og_type":"article","og_title":"Garant\u00eda de la puesta en servicio","og_description":"Los equipos de registro y pruebas de datos de \u00faltima generaci\u00f3n de IK Trax elevan la garant\u00eda de pre-puesta en marcha de las tuber\u00edas. Resultado = ahorro sustancial de costes.","og_url":"https:\/\/iktrax.com\/es\/pre-commissioning-assurance\/","og_site_name":"IK-Trax","article_modified_time":"2025-05-15T12:24:31+00:00","twitter_card":"summary_large_image","schema":{"@context":"https:\/\/schema.org","@graph":[{"@type":"WebPage","@id":"https:\/\/iktrax.com\/es\/pre-commissioning-assurance\/","url":"https:\/\/iktrax.com\/es\/pre-commissioning-assurance\/","name":"Pre-puesta en marcha de tuber\u00edas | Sistemas de registro y prueba de datos","isPartOf":{"@id":"https:\/\/iktrax.com\/es\/#website"},"datePublished":"2024-03-07T13:32:47+00:00","dateModified":"2025-05-15T12:24:31+00:00","description":"Los equipos de registro y pruebas de datos de \u00faltima generaci\u00f3n de IK Trax elevan la garant\u00eda de pre-puesta en marcha de las tuber\u00edas. Resultado = ahorro sustancial de costes.","breadcrumb":{"@id":"https:\/\/iktrax.com\/es\/pre-commissioning-assurance\/#breadcrumb"},"inLanguage":"es-ES","potentialAction":[{"@type":"ReadAction","target":["https:\/\/iktrax.com\/es\/pre-commissioning-assurance\/"]}]},{"@type":"BreadcrumbList","@id":"https:\/\/iktrax.com\/es\/pre-commissioning-assurance\/#breadcrumb","itemListElement":[{"@type":"ListItem","position":1,"name":"Home","item":"https:\/\/iktrax.com\/es\/"},{"@type":"ListItem","position":2,"name":"Garant\u00eda de la puesta en servicio"}]},{"@type":"WebSite","@id":"https:\/\/iktrax.com\/es\/#website","url":"https:\/\/iktrax.com\/es\/","name":"IK-Trax","description":"Intelligent Pipeline Technology","publisher":{"@id":"https:\/\/iktrax.com\/es\/#organization"},"potentialAction":[{"@type":"SearchAction","target":{"@type":"EntryPoint","urlTemplate":"https:\/\/iktrax.com\/es\/?s={search_term_string}"},"query-input":{"@type":"PropertyValueSpecification","valueRequired":true,"valueName":"search_term_string"}}],"inLanguage":"es-ES"},{"@type":"Organization","@id":"https:\/\/iktrax.com\/es\/#organization","name":"IK-Trax","url":"https:\/\/iktrax.com\/es\/","logo":{"@type":"ImageObject","inLanguage":"es-ES","@id":"https:\/\/iktrax.com\/es\/#\/schema\/logo\/image\/","url":"https:\/\/iktrax.com\/wp-content\/uploads\/2024\/03\/IK-TRAX-Logo-40px.svg","contentUrl":"https:\/\/iktrax.com\/wp-content\/uploads\/2024\/03\/IK-TRAX-Logo-40px.svg","width":105,"height":60,"caption":"IK-Trax"},"image":{"@id":"https:\/\/iktrax.com\/es\/#\/schema\/logo\/image\/"}}]}},"_links":{"self":[{"href":"https:\/\/iktrax.com\/es\/wp-json\/wp\/v2\/pages\/4461","targetHints":{"allow":["GET"]}}],"collection":[{"href":"https:\/\/iktrax.com\/es\/wp-json\/wp\/v2\/pages"}],"about":[{"href":"https:\/\/iktrax.com\/es\/wp-json\/wp\/v2\/types\/page"}],"author":[{"embeddable":true,"href":"https:\/\/iktrax.com\/es\/wp-json\/wp\/v2\/users\/3"}],"replies":[{"embeddable":true,"href":"https:\/\/iktrax.com\/es\/wp-json\/wp\/v2\/comments?post=4461"}],"version-history":[{"count":7,"href":"https:\/\/iktrax.com\/es\/wp-json\/wp\/v2\/pages\/4461\/revisions"}],"predecessor-version":[{"id":4661,"href":"https:\/\/iktrax.com\/es\/wp-json\/wp\/v2\/pages\/4461\/revisions\/4661"}],"wp:attachment":[{"href":"https:\/\/iktrax.com\/es\/wp-json\/wp\/v2\/media?parent=4461"}],"curies":[{"name":"wp","href":"https:\/\/api.w.org\/{rel}","templated":true}]}}